{"id":139,"date":"2024-12-05T18:38:47","date_gmt":"2024-12-05T17:38:47","guid":{"rendered":"https:\/\/la-chaska.com\/?page_id=139"},"modified":"2025-12-01T18:08:21","modified_gmt":"2025-12-01T17:08:21","slug":"inicio","status":"publish","type":"page","link":"https:\/\/la-chaska.com\/?page_id=139","title":{"rendered":"Especiales"},"content":{"rendered":"\n<p>\u00abSoy revolucionario. Pero creo que entre hombres de pensamiento neto y posici\u00f3n definida es f\u00e1cil entenderse y apreciarse, a\u00fan combati\u00e9ndose. Sobre todo, combati\u00e9ndose. Con el sector pol\u00edtico que no me entender\u00e9 nunca es el otro: el del reformismo mediocre, el del socialismo domesticado, el de la democracia farisea\u00bb.  JCM<\/p>\n\n\n\n<p><\/p>\n\n\n\n<div class=\"wp-block-stackable-image stk-block-image stk-block stk-bfb2034\" data-block-id=\"bfb2034\"><style>.stk-bfb2034 {margin-bottom:40px !important;}.stk-bfb2034 .stk-img-wrapper{width:45% !important;height:200px !important;}<\/style><figure><span class=\"stk-img-wrapper stk-image--shape-stretch\"><img loading=\"lazy\" decoding=\"async\" class=\"stk-img wp-image-227\" src=\"https:\/\/la-chaska.com\/wp-content\/uploads\/2024\/12\/Silencio-1.jpg\" width=\"394\" height=\"296\" srcset=\"https:\/\/la-chaska.com\/wp-content\/uploads\/2024\/12\/Silencio-1.jpg 394w, https:\/\/la-chaska.com\/wp-content\/uploads\/2024\/12\/Silencio-1-300x225.jpg 300w\" sizes=\"auto, (max-width: 394px) 100vw, 394px\" \/><\/span><\/figure><\/div>\n\n\n\n<div class=\"wp-block-group alignfull has-global-padding is-layout-constrained wp-block-group-is-layout-constrained\" style=\"margin-top:0;margin-bottom:0\">\n<div class=\"wp-block-columns alignfull is-layout-flex wp-container-core-columns-is-layout-9c22b1e3 wp-block-columns-is-layout-flex\">\n<div class=\"wp-block-column is-layout-flow wp-block-column-is-layout-flow\">\n<div class=\"wp-block-stackable-columns stk-block-columns stk-block stk-6d0cdcb\" data-block-id=\"6d0cdcb\"><div class=\"stk-row stk-inner-blocks stk-block-content stk-content-align stk-6d0cdcb-column\">\n<div class=\"wp-block-stackable-column stk-block-column stk-column stk-block stk-3fbc702\" data-v=\"4\" data-block-id=\"3fbc702\"><div class=\"stk-column-wrapper stk-block-column__content stk-container stk-3fbc702-container stk--no-background stk--no-padding\"><div class=\"stk-block-content stk-inner-blocks stk-3fbc702-inner-blocks\">\n<p><\/p>\n\n\n\n<p class=\"has-text-align-center\"><strong><em><span style=\"color: #a23737;\" class=\"stk-highlight\"><a href=\"https:\/\/la-chaska.com\/wp-content\/uploads\/2024\/12\/BICENTENARIO-.pdf\">Bicentenario, Pandemia y Elecciones<\/a><\/span><\/em><\/strong><\/p>\n<\/div><\/div><\/div>\n<\/div><\/div>\n<\/div>\n\n\n\n<div class=\"wp-block-column is-layout-flow wp-block-column-is-layout-flow\">\n<div class=\"wp-block-stackable-image stk-block-image has-text-align-left stk-block stk-36d3a7c\" data-block-id=\"36d3a7c\"><style>.stk-36d3a7c .stk-img-wrapper{width:36% !important;height:181px !important;}<\/style><figure><span class=\"stk-img-wrapper stk-image--shape-stretch\"><img loading=\"lazy\" decoding=\"async\" class=\"stk-img wp-image-229\" src=\"https:\/\/la-chaska.com\/wp-content\/uploads\/2024\/12\/No_votar2.jpg\" width=\"400\" height=\"580\" srcset=\"https:\/\/la-chaska.com\/wp-content\/uploads\/2024\/12\/No_votar2.jpg 400w, https:\/\/la-chaska.com\/wp-content\/uploads\/2024\/12\/No_votar2-207x300.jpg 207w\" sizes=\"auto, (max-width: 400px) 100vw, 400px\" \/><\/span><\/figure><\/div>\n<\/div>\n\n\n\n<div class=\"wp-block-column is-layout-flow wp-block-column-is-layout-flow\">\n<div class=\"wp-block-stackable-columns stk-block-columns stk-block stk-8afdf36\" data-block-id=\"8afdf36\"><div class=\"stk-row stk-inner-blocks stk-block-content stk-content-align stk-8afdf36-column\">\n<div class=\"wp-block-stackable-column stk-block-column stk-column stk-block stk-195ed07\" data-v=\"4\" data-block-id=\"195ed07\"><div class=\"stk-column-wrapper stk-block-column__content stk-container stk-195ed07-container stk--no-background stk--no-padding\"><div class=\"stk-block-content stk-inner-blocks stk-195ed07-inner-blocks\">\n<p><\/p>\n\n\n\n<p class=\"has-text-align-center\"><strong><em><span style=\"color: #a23737;\" class=\"stk-highlight\"><a href=\"https:\/\/la-chaska.com\/wp-content\/uploads\/2025\/12\/DERECHOS-DEL-PUEBLO.pdf\">Derechos del Pueblo<\/a><\/span><\/em><\/strong><\/p>\n<\/div><\/div><\/div>\n<\/div><\/div>\n<\/div>\n\n\n\n<div class=\"wp-block-column is-layout-flow wp-block-column-is-layout-flow\">\n<div class=\"wp-block-stackable-image stk-block-image has-text-align-left stk-block stk-8c1415e\" data-block-id=\"8c1415e\"><style>.stk-8c1415e .stk-img-wrapper{width:56% !important;height:170px !important;}<\/style><figure><span class=\"stk-img-wrapper stk-image--shape-stretch\"><img loading=\"lazy\" decoding=\"async\" class=\"stk-img wp-image-233\" src=\"https:\/\/la-chaska.com\/wp-content\/uploads\/2024\/12\/Ninos.jpg\" width=\"350\" height=\"442\" srcset=\"https:\/\/la-chaska.com\/wp-content\/uploads\/2024\/12\/Ninos.jpg 350w, https:\/\/la-chaska.com\/wp-content\/uploads\/2024\/12\/Ninos-238x300.jpg 238w\" sizes=\"auto, (max-width: 350px) 100vw, 350px\" \/><\/span><\/figure><\/div>\n<\/div>\n<\/div>\n<\/div>\n\n\n\n<div class=\"wp-block-group alignfull has-global-padding is-layout-constrained wp-block-group-is-layout-constrained\" style=\"margin-top:0;margin-bottom:0;padding-top:var(--wp--preset--spacing--50);padding-bottom:var(--wp--preset--spacing--50)\">\n<div class=\"wp-block-stackable-image stk-block-image stk-block stk-4eb606d\" data-block-id=\"4eb606d\"><style>.stk-4eb606d .stk-img-wrapper{width:18% !important;height:100px !important;}<\/style><figure><span class=\"stk-img-wrapper stk-image--shape-stretch\"><img loading=\"lazy\" decoding=\"async\" class=\"stk-img wp-image-241\" src=\"https:\/\/la-chaska.com\/wp-content\/uploads\/2024\/12\/Captura-de-pantalla-2024-11-30-a-las-19.36.35.png\" width=\"1152\" height=\"988\" srcset=\"https:\/\/la-chaska.com\/wp-content\/uploads\/2024\/12\/Captura-de-pantalla-2024-11-30-a-las-19.36.35.png 1152w, https:\/\/la-chaska.com\/wp-content\/uploads\/2024\/12\/Captura-de-pantalla-2024-11-30-a-las-19.36.35-300x257.png 300w, https:\/\/la-chaska.com\/wp-content\/uploads\/2024\/12\/Captura-de-pantalla-2024-11-30-a-las-19.36.35-1024x878.png 1024w, https:\/\/la-chaska.com\/wp-content\/uploads\/2024\/12\/Captura-de-pantalla-2024-11-30-a-las-19.36.35-768x659.png 768w\" sizes=\"auto, (max-width: 1152px) 100vw, 1152px\" \/><\/span><\/figure><\/div>\n<\/div>\n\n\n\n<div class=\"wp-block-group alignfull is-style-default has-global-padding is-layout-constrained wp-block-group-is-layout-constrained\" style=\"margin-top:0;margin-bottom:0;padding-top:var(--wp--preset--spacing--60);padding-bottom:var(--wp--preset--spacing--60)\"><\/div>\n\n\n\n<div class=\"wp-block-group alignfull has-global-padding is-layout-constrained wp-block-group-is-layout-constrained\" style=\"margin-top:0;margin-bottom:0\">\n<div class=\"wp-block-group alignwide is-layout-flow wp-container-core-group-is-layout-d58a0413 wp-block-group-is-layout-flow\" style=\"padding-top:var(--wp--preset--spacing--50);padding-bottom:var(--wp--preset--spacing--50)\">\n<h2 class=\"wp-block-heading has-x-large-font-size\">Preguntas m\u00e1s frecuentes<\/h2>\n\n\n\n<div class=\"wp-block-columns is-layout-flex wp-container-core-columns-is-layout-cbe57604 wp-block-columns-is-layout-flex\">\n<div class=\"wp-block-column is-layout-flow wp-block-column-is-layout-flow\"><\/div>\n\n\n\n<div class=\"wp-block-column is-layout-flow wp-block-column-is-layout-flow\">\n<div class=\"wp-block-group is-layout-flow wp-block-group-is-layout-flow\" style=\"border-top-color:var(--wp--preset--color--accent-6);border-top-width:1px;padding-top:var(--wp--preset--spacing--30);padding-bottom:var(--wp--preset--spacing--30)\"><\/div>\n<\/div>\n<\/div>\n\n\n\n<div class=\"wp-block-columns is-layout-flex wp-container-core-columns-is-layout-cbe57604 wp-block-columns-is-layout-flex\">\n<div class=\"wp-block-column is-layout-flow wp-block-column-is-layout-flow\"><\/div>\n\n\n\n<div class=\"wp-block-column is-layout-flow wp-block-column-is-layout-flow\">\n<div class=\"wp-block-group is-layout-flow wp-block-group-is-layout-flow\" style=\"border-top-color:var(--wp--preset--color--accent-6);border-top-width:1px;padding-top:var(--wp--preset--spacing--30);padding-bottom:var(--wp--preset--spacing--30)\"><\/div>\n<\/div>\n<\/div>\n<\/div>\n<\/div>\n\n\n\n<aside class=\"wp-block-group alignfull is-style-section-3 has-global-padding is-layout-constrained wp-container-core-group-is-layout-f0f2a97b wp-block-group-is-layout-constrained is-style-section-3--1\" style=\"margin-top:0;margin-bottom:0;padding-top:var(--wp--preset--spacing--50);padding-right:var(--wp--preset--spacing--50);padding-bottom:var(--wp--preset--spacing--50);padding-left:var(--wp--preset--spacing--50)\"><\/aside>\n\n\n<nav class=\"is-responsive wp-block-navigation is-layout-flex wp-block-navigation-is-layout-flex\" aria-label=\"Navegaci\u00f3n\" \n\t\t data-wp-interactive=\"core\/navigation\" data-wp-context='{\"overlayOpenedBy\":{\"click\":false,\"hover\":false,\"focus\":false},\"type\":\"overlay\",\"roleAttribute\":\"\",\"ariaLabel\":\"Men\\u00fa\"}'><button aria-haspopup=\"dialog\" aria-label=\"Abrir el men\u00fa\" class=\"wp-block-navigation__responsive-container-open\" \n\t\t\t\tdata-wp-on--click=\"actions.openMenuOnClick\"\n\t\t\t\tdata-wp-on--keydown=\"actions.handleMenuKeydown\"\n\t\t\t><svg width=\"24\" height=\"24\" xmlns=\"http:\/\/www.w3.org\/2000\/svg\" viewBox=\"0 0 24 24\" aria-hidden=\"true\" focusable=\"false\"><path d=\"M4 7.5h16v1.5H4z\"><\/path><path d=\"M4 15h16v1.5H4z\"><\/path><\/svg><\/button>\n\t\t\t\t<div class=\"wp-block-navigation__responsive-container\"  id=\"modal-2\" \n\t\t\t\tdata-wp-class--has-modal-open=\"state.isMenuOpen\"\n\t\t\t\tdata-wp-class--is-menu-open=\"state.isMenuOpen\"\n\t\t\t\tdata-wp-watch=\"callbacks.initMenu\"\n\t\t\t\tdata-wp-on--keydown=\"actions.handleMenuKeydown\"\n\t\t\t\tdata-wp-on--focusout=\"actions.handleMenuFocusout\"\n\t\t\t\ttabindex=\"-1\"\n\t\t\t>\n\t\t\t\t\t<div class=\"wp-block-navigation__responsive-close\" tabindex=\"-1\">\n\t\t\t\t\t\t<div class=\"wp-block-navigation__responsive-dialog\" \n\t\t\t\tdata-wp-bind--aria-modal=\"state.ariaModal\"\n\t\t\t\tdata-wp-bind--aria-label=\"state.ariaLabel\"\n\t\t\t\tdata-wp-bind--role=\"state.roleAttribute\"\n\t\t\t>\n\t\t\t\t\t\t\t<button aria-label=\"Cerrar el men\u00fa\" class=\"wp-block-navigation__responsive-container-close\" \n\t\t\t\tdata-wp-on--click=\"actions.closeMenuOnClick\"\n\t\t\t><svg xmlns=\"http:\/\/www.w3.org\/2000\/svg\" viewBox=\"0 0 24 24\" width=\"24\" height=\"24\" aria-hidden=\"true\" focusable=\"false\"><path d=\"m13.06 12 6.47-6.47-1.06-1.06L12 10.94 5.53 4.47 4.47 5.53 10.94 12l-6.47 6.47 1.06 1.06L12 13.06l6.47 6.47 1.06-1.06L13.06 12Z\"><\/path><\/svg><\/button>\n\t\t\t\t\t\t\t<div class=\"wp-block-navigation__responsive-container-content\" \n\t\t\t\tdata-wp-watch=\"callbacks.focusFirstElement\"\n\t\t\t id=\"modal-2-content\">\n\t\t\t\t\t\t\t\t<ul class=\"wp-block-navigation__container is-responsive wp-block-navigation\"><li class=\" wp-block-navigation-item wp-block-navigation-link\"><a class=\"wp-block-navigation-item__content\"  href=\"https:\/\/la-chaska.com\/?page_id=6\"><span class=\"wp-block-navigation-item__label\">La Chaska PDF<\/span><\/a><\/li><li class=\" wp-block-navigation-item wp-block-navigation-link\"><a class=\"wp-block-navigation-item__content\"  href=\"https:\/\/la-chaska.com\/?page_id=139\"><span class=\"wp-block-navigation-item__label\">Especiales<\/span><\/a><\/li><li class=\" wp-block-navigation-item wp-block-navigation-link\"><a class=\"wp-block-navigation-item__content\"  href=\"https:\/\/la-chaska.com\/?page_id=3\"><span class=\"wp-block-navigation-item__label\">Memoria<\/span><\/a><\/li><li class=\" wp-block-navigation-item wp-block-navigation-link\"><a class=\"wp-block-navigation-item__content\"  href=\"https:\/\/la-chaska.com\/?page_id=129\"><span class=\"wp-block-navigation-item__label\">Cultura Popular<\/span><\/a><\/li><li class=\" wp-block-navigation-item wp-block-navigation-link\"><a class=\"wp-block-navigation-item__content\"  href=\"https:\/\/la-chaska.com\/?page_id=338\"><span class=\"wp-block-navigation-item__label\">Contacto<\/span><\/a><\/li><\/ul>\n\t\t\t\t\t\t\t<\/div>\n\t\t\t\t\t\t<\/div>\n\t\t\t\t\t<\/div>\n\t\t\t\t<\/div><\/nav>","protected":false},"excerpt":{"rendered":"<p>\u00abSoy revolucionario. Pero creo que entre hombres de pensamiento neto y posici\u00f3n definida es f\u00e1cil entenderse y apreciarse, a\u00fan combati\u00e9ndose. Sobre todo, combati\u00e9ndose. Con el sector pol\u00edtico que no me entender\u00e9 nunca es el otro: el del reformismo mediocre, el del socialismo domesticado, el de la democracia farisea\u00bb. JCM Bicentenario, Pandemia y Elecciones Derechos del [&hellip;]<\/p>\n","protected":false},"author":1,"featured_media":0,"parent":0,"menu_order":0,"comment_status":"open","ping_status":"closed","template":"","meta":{"footnotes":""},"class_list":["post-139","page","type-page","status-publish","hentry"],"_links":{"self":[{"href":"https:\/\/la-chaska.com\/index.php?rest_route=\/wp\/v2\/pages\/139","targetHints":{"allow":["GET"]}}],"collection":[{"href":"https:\/\/la-chaska.com\/index.php?rest_route=\/wp\/v2\/pages"}],"about":[{"href":"https:\/\/la-chaska.com\/index.php?rest_route=\/wp\/v2\/types\/page"}],"author":[{"embeddable":true,"href":"https:\/\/la-chaska.com\/index.php?rest_route=\/wp\/v2\/users\/1"}],"replies":[{"embeddable":true,"href":"https:\/\/la-chaska.com\/index.php?rest_route=%2Fwp%2Fv2%2Fcomments&post=139"}],"version-history":[{"count":15,"href":"https:\/\/la-chaska.com\/index.php?rest_route=\/wp\/v2\/pages\/139\/revisions"}],"predecessor-version":[{"id":448,"href":"https:\/\/la-chaska.com\/index.php?rest_route=\/wp\/v2\/pages\/139\/revisions\/448"}],"wp:attachment":[{"href":"https:\/\/la-chaska.com\/index.php?rest_route=%2Fwp%2Fv2%2Fmedia&parent=139"}],"curies":[{"name":"wp","href":"https:\/\/api.w.org\/{rel}","templated":true}]}}