{"id":3,"date":"2024-12-04T19:33:39","date_gmt":"2024-12-04T18:33:39","guid":{"rendered":"https:\/\/la-chaska.com\/?page_id=3"},"modified":"2026-01-13T22:31:06","modified_gmt":"2026-01-13T21:31:06","slug":"politica-privacidad","status":"publish","type":"page","link":"https:\/\/la-chaska.com\/?page_id=3","title":{"rendered":"MEMORIA"},"content":{"rendered":"\n<div class=\"wp-block-group has-global-padding is-layout-constrained wp-block-group-is-layout-constrained\">\n<p class=\"has-text-align-left\"><strong><em>Peru K\u00e4mpft (Per\u00fa Lucha) fue concebido como un organo de difuci\u00f3n del <em><span style=\"color: #eb0a0a;\" class=\"stk-highlight\"><strong>CIRCULO DE TRABAJO MARIATEGUI<\/strong><\/span><\/em>, cuya publicaci\u00f3n la desarroll\u00f3 hace algun tiempo. Diversas circunstancias limitaron su difusi\u00f3n en el plazo originalmente establecido; no obstante, los contenidos que re\u00fane mantienen su vigencia conceptual e hist\u00f3rica.<\/em><\/strong><\/p>\n\n\n\n<p><strong><em>Son once n\u00fameros los que se editaron; sin ambargo, s\u00f3lo pudimos rescatar siete de ellos. Las reflexiones, an\u00e1lisis y aportes que se presentan, responden a un proceso de trabajo riguroso y su publicaci\u00f3n nos plantea claramente los objetivos que motivaron su elaboraci\u00f3n.<\/em><\/strong><\/p>\n\n\n\n<p><strong><em>Es una publicaci\u00f3n en la que se muestra fehacientemente su validez y fundamento ideol\u00f3gico pol\u00edtico.<\/em><\/strong> Este es su llamamiento:<\/p>\n\n\n\n<p class=\"has-background\" style=\"background-color:#afa13a\"><span style=\"color: #503AA8;\" class=\"stk-highlight\">\u00ab<strong><strong>Publicamos \u201cPERU LUCHA\u201c, con la intenci\u00f3n de brindar y difundir nuestros planteamientos acerca de la situaci\u00f3n pol\u00edtica del Per\u00fa. Para su mejor comprensi\u00f3n, nos parece indispensable incluir, adem\u00e1s, otros an\u00e1lisis referentes a la situaci\u00f3n internacional, la ideolog\u00eda, la pol\u00edtica, la econom\u00eda, etc.. Nuestro prop\u00f3sito es, partiendo de la ideolog\u00eda y pol\u00edtica de la clase obrera, es decir del marxismo-leninismo-mao\u00edsmo, pensamiento Gonzalo, analizar principalmente la compleja, dificil y riesgosa situaci\u00f3n por la que atraviesa el proceso revolucionario del Per\u00fa.<\/strong><\/strong><\/span>\u00ab<\/p>\n\n\n\n<p><\/p>\n<\/div>\n\n\n\n<div class=\"wp-block-stackable-columns stk-block-columns stk-block stk-33d9e7d\" data-block-id=\"33d9e7d\"><div class=\"stk-row stk-inner-blocks stk-block-content stk-content-align stk-33d9e7d-column\">\n<div class=\"wp-block-stackable-column stk-block-column stk-column stk-block stk-7119573\" data-v=\"4\" data-block-id=\"7119573\"><div class=\"stk-column-wrapper stk-block-column__content stk-container stk-7119573-container stk--no-background stk--no-padding\"><div class=\"stk-block-content stk-inner-blocks stk-7119573-inner-blocks\">\n<figure class=\"wp-block-image aligncenter size-full\"><a href=\"https:\/\/la-chaska.com\/wp-content\/uploads\/2025\/01\/PERU-LUCHA-Nr.-11.pdf\"><img loading=\"lazy\" decoding=\"async\" width=\"510\" height=\"848\" src=\"https:\/\/la-chaska.com\/wp-content\/uploads\/2024\/12\/Peru-L-11.png\" alt=\"\" class=\"wp-image-326\" srcset=\"https:\/\/la-chaska.com\/wp-content\/uploads\/2024\/12\/Peru-L-11.png 510w, https:\/\/la-chaska.com\/wp-content\/uploads\/2024\/12\/Peru-L-11-180x300.png 180w\" sizes=\"auto, (max-width: 510px) 100vw, 510px\" \/><\/a><\/figure>\n<\/div><\/div><\/div>\n\n\n\n<div class=\"wp-block-stackable-column stk-block-column stk-column stk-block stk-17e798d\" data-v=\"4\" data-block-id=\"17e798d\"><div class=\"stk-column-wrapper stk-block-column__content stk-container stk-17e798d-container stk--no-background stk--no-padding\"><div class=\"stk-block-content stk-inner-blocks stk-17e798d-inner-blocks\">\n<ul class=\"wp-block-list\">\n<li class=\"has-medium-font-size\"><strong><em><span style=\"color: #d12c2c;\" class=\"stk-highlight\">Per\u00fa K\u00e4mpft  N\u00b0 11<\/span><\/em><\/strong><\/li>\n\n\n\n<li class=\"has-small-font-size\">Introducci\u00f3n<\/li>\n\n\n\n<li class=\"has-small-font-size\">Sobre el 17 de mayo, aniversario del inicio de la guerra popular en el Per\u00fa: Defendamos la invencibilidad de la guerra popular<\/li>\n\n\n\n<li class=\"has-small-font-size\">Respuesta a la posici\u00f3n del MLPD referente a la guerra popular en el Per\u00fa<\/li>\n\n\n\n<li class=\"has-small-font-size\">Las repercusiones de la \u201cguerra contra el terrorismo\u201d en Latinoam\u00e9rica<\/li>\n\n\n\n<li class=\"has-small-font-size\">Cr\u00edtica al art\u00edculo \u201cJos\u00e9 Carlos Mari\u00e1tegui y cuestiones culturales de la revoluci\u00f3n peruana\u201d aparecido en la revista \u201cNeue Einheit\u201d (\u201cNueva Unidad\u201d)<\/li>\n<\/ul>\n\n\n\n<figure class=\"wp-block-image aligncenter size-large is-resized\"><a href=\"https:\/\/la-chaska.com\/wp-content\/uploads\/2025\/01\/PERU-LUCHA-Nr.-11.pdf\"><img loading=\"lazy\" decoding=\"async\" width=\"1024\" height=\"1024\" src=\"https:\/\/la-chaska.com\/wp-content\/uploads\/2024\/12\/Pdf-1024x1024.png\" alt=\"\" class=\"wp-image-74\" style=\"width:61px;height:auto\" srcset=\"https:\/\/la-chaska.com\/wp-content\/uploads\/2024\/12\/Pdf-1024x1024.png 1024w, https:\/\/la-chaska.com\/wp-content\/uploads\/2024\/12\/Pdf-300x300.png 300w, https:\/\/la-chaska.com\/wp-content\/uploads\/2024\/12\/Pdf-150x150.png 150w, https:\/\/la-chaska.com\/wp-content\/uploads\/2024\/12\/Pdf-768x768.png 768w, https:\/\/la-chaska.com\/wp-content\/uploads\/2024\/12\/Pdf.png 1280w\" sizes=\"auto, (max-width: 1024px) 100vw, 1024px\" \/><\/a><\/figure>\n<\/div><\/div><\/div>\n<\/div><\/div>\n\n\n\n<div class=\"wp-block-stackable-columns stk-block-columns stk-block stk-faff258\" data-block-id=\"faff258\"><div class=\"stk-row stk-inner-blocks stk-block-content stk-content-align stk-faff258-column\">\n<div class=\"wp-block-stackable-column stk-block-column stk-column stk-block stk-9a595bc\" data-v=\"4\" data-block-id=\"9a595bc\"><div class=\"stk-column-wrapper stk-block-column__content stk-container stk-9a595bc-container stk--no-background stk--no-padding\"><div class=\"stk-block-content stk-inner-blocks stk-9a595bc-inner-blocks\">\n<figure class=\"wp-block-image size-full\"><a href=\"https:\/\/la-chaska.com\/wp-content\/uploads\/2025\/01\/PERU-LUCHA-Nr.-10.pdf\"><img loading=\"lazy\" decoding=\"async\" width=\"510\" height=\"649\" src=\"https:\/\/la-chaska.com\/wp-content\/uploads\/2024\/12\/Peru-L-10.png\" alt=\"\" class=\"wp-image-325\" srcset=\"https:\/\/la-chaska.com\/wp-content\/uploads\/2024\/12\/Peru-L-10.png 510w, https:\/\/la-chaska.com\/wp-content\/uploads\/2024\/12\/Peru-L-10-236x300.png 236w\" sizes=\"auto, (max-width: 510px) 100vw, 510px\" \/><\/a><\/figure>\n<\/div><\/div><\/div>\n\n\n\n<div class=\"wp-block-stackable-column stk-block-column stk-column stk-block stk-201518c\" data-v=\"4\" data-block-id=\"201518c\"><div class=\"stk-column-wrapper stk-block-column__content stk-container stk-201518c-container stk--no-background stk--no-padding\"><div class=\"stk-block-content stk-inner-blocks stk-201518c-inner-blocks\">\n<ul class=\"wp-block-list\">\n<li class=\"has-medium-font-size\"><em><strong><span style=\"color: #c42828;\" class=\"stk-highlight\"><strong><em><span style=\"color: #d12c2c;\" class=\"stk-highlight\">Per\u00fa K\u00e4mpft  N\u00b0 1<\/span><\/em><\/strong>0  <\/span><\/strong><\/em><\/li>\n\n\n\n<li class=\"has-small-font-size\">Introducci\u00f3n<\/li>\n\n\n\n<li class=\"has-small-font-size\">150 a\u00f1os de revoluci\u00f3n proletaria mundial y el papel del Presidente Gonzalo como continuador de Marx, Lenin y el Presidente Mao Tse-tung<\/li>\n\n\n\n<li class=\"has-small-font-size\">Sobre 150 a\u00f1os de la revoluci\u00f3n proletaria mundial. Gran balance hecho por el Presidente Gonzalo<\/li>\n\n\n\n<li class=\"has-small-font-size\">Acerca de la historia del Proletariado Internacional<\/li>\n<\/ul>\n\n\n\n<figure class=\"wp-block-image aligncenter size-large is-resized\"><a href=\"https:\/\/la-chaska.com\/wp-content\/uploads\/2025\/01\/PERU-LUCHA-Nr.-10.pdf\"><img loading=\"lazy\" decoding=\"async\" width=\"1024\" height=\"1024\" src=\"https:\/\/la-chaska.com\/wp-content\/uploads\/2024\/12\/Pdf-1024x1024.png\" alt=\"\" class=\"wp-image-74\" style=\"width:63px;height:auto\" srcset=\"https:\/\/la-chaska.com\/wp-content\/uploads\/2024\/12\/Pdf-1024x1024.png 1024w, https:\/\/la-chaska.com\/wp-content\/uploads\/2024\/12\/Pdf-300x300.png 300w, https:\/\/la-chaska.com\/wp-content\/uploads\/2024\/12\/Pdf-150x150.png 150w, https:\/\/la-chaska.com\/wp-content\/uploads\/2024\/12\/Pdf-768x768.png 768w, https:\/\/la-chaska.com\/wp-content\/uploads\/2024\/12\/Pdf.png 1280w\" sizes=\"auto, (max-width: 1024px) 100vw, 1024px\" \/><\/a><\/figure>\n<\/div><\/div><\/div>\n<\/div><\/div>\n\n\n\n<div class=\"wp-block-stackable-columns stk-block-columns stk-block stk-db37799\" data-block-id=\"db37799\"><div class=\"stk-row stk-inner-blocks stk-block-content stk-content-align stk-db37799-column\">\n<div class=\"wp-block-stackable-column stk-block-column stk-column stk-block stk-c803853\" data-v=\"4\" data-block-id=\"c803853\"><div class=\"stk-column-wrapper stk-block-column__content stk-container stk-c803853-container stk--no-background stk--no-padding\"><div class=\"stk-block-content stk-inner-blocks stk-c803853-inner-blocks\">\n<figure class=\"wp-block-image aligncenter size-large\"><a href=\"https:\/\/la-chaska.com\/wp-content\/uploads\/2025\/01\/PERU-LUCHA-Nr.-9.pdf\"><img loading=\"lazy\" decoding=\"async\" width=\"819\" height=\"1024\" src=\"https:\/\/la-chaska.com\/wp-content\/uploads\/2025\/01\/Peru-L-9-819x1024.png\" alt=\"\" class=\"wp-image-334\" srcset=\"https:\/\/la-chaska.com\/wp-content\/uploads\/2025\/01\/Peru-L-9-819x1024.png 819w, https:\/\/la-chaska.com\/wp-content\/uploads\/2025\/01\/Peru-L-9-240x300.png 240w, https:\/\/la-chaska.com\/wp-content\/uploads\/2025\/01\/Peru-L-9-768x960.png 768w, https:\/\/la-chaska.com\/wp-content\/uploads\/2025\/01\/Peru-L-9-1229x1536.png 1229w, https:\/\/la-chaska.com\/wp-content\/uploads\/2025\/01\/Peru-L-9.png 1370w\" sizes=\"auto, (max-width: 819px) 100vw, 819px\" \/><\/a><\/figure>\n<\/div><\/div><\/div>\n\n\n\n<div class=\"wp-block-stackable-column stk-block-column stk-column stk-block stk-41f948f\" data-v=\"4\" data-block-id=\"41f948f\"><div class=\"stk-column-wrapper stk-block-column__content stk-container stk-41f948f-container stk--no-background stk--no-padding\"><div class=\"stk-block-content stk-inner-blocks stk-41f948f-inner-blocks\">\n<ul class=\"wp-block-list\">\n<li class=\"has-medium-font-size\"><strong><span style=\"color: #c92d2d;\" class=\"stk-highlight\"><em>Per\u00fa K\u00e4mpft  N\u00b0  9<\/em><\/span><em>  <\/em><\/strong><\/li>\n\n\n\n<li class=\"has-small-font-size\">Presentaci\u00f3n<\/li>\n\n\n\n<li class=\"has-small-font-size\">\u00a1Campa\u00f1a internacional para la presentaci\u00f3n p\u00fablica del Presidente Gonzalo!<\/li>\n\n\n\n<li class=\"has-small-font-size\">\u00a1Aplastar los arteros ataques del CoMRI en contra del Presidente Gonzalo y del marxismo-leninismo-mao\u00edsmo!<\/li>\n\n\n\n<li class=\"has-small-font-size\">\u00a1El camarada Feliciano est\u00e1 deviniendo en recalcitrante e impenitente revisionista!<\/li>\n\n\n\n<li class=\"has-small-font-size\">Entrevista a la camarada Nancy<\/li>\n\n\n\n<li class=\"has-small-font-size\">El repliegue pol\u00edtico general en Alemania<\/li>\n\n\n\n<li class=\"has-small-font-size\">Poemas de la camarada Miriam<\/li>\n<\/ul>\n\n\n\n<figure class=\"wp-block-image aligncenter size-large is-resized\"><a href=\"https:\/\/la-chaska.com\/wp-content\/uploads\/2025\/01\/PERU-LUCHA-Nr.-9.pdf\"><img loading=\"lazy\" decoding=\"async\" width=\"1024\" height=\"1024\" src=\"https:\/\/la-chaska.com\/wp-content\/uploads\/2024\/12\/Pdf-1024x1024.png\" alt=\"\" class=\"wp-image-74\" style=\"width:54px;height:auto\" srcset=\"https:\/\/la-chaska.com\/wp-content\/uploads\/2024\/12\/Pdf-1024x1024.png 1024w, https:\/\/la-chaska.com\/wp-content\/uploads\/2024\/12\/Pdf-300x300.png 300w, https:\/\/la-chaska.com\/wp-content\/uploads\/2024\/12\/Pdf-150x150.png 150w, https:\/\/la-chaska.com\/wp-content\/uploads\/2024\/12\/Pdf-768x768.png 768w, https:\/\/la-chaska.com\/wp-content\/uploads\/2024\/12\/Pdf.png 1280w\" sizes=\"auto, (max-width: 1024px) 100vw, 1024px\" \/><\/a><\/figure>\n<\/div><\/div><\/div>\n<\/div><\/div>\n\n\n\n<div class=\"wp-block-stackable-columns stk-block-columns stk-block stk-0b73d94\" data-block-id=\"0b73d94\"><div class=\"stk-row stk-inner-blocks stk-block-content stk-content-align stk-0b73d94-column\">\n<div class=\"wp-block-stackable-column stk-block-column stk-column stk-block stk-6de9f9c\" data-v=\"4\" data-block-id=\"6de9f9c\"><div class=\"stk-column-wrapper stk-block-column__content stk-container stk-6de9f9c-container stk--no-background stk--no-padding\"><div class=\"stk-block-content stk-inner-blocks stk-6de9f9c-inner-blocks\">\n<figure class=\"wp-block-image alignright size-full is-resized\"><a href=\"https:\/\/la-chaska.com\/wp-content\/uploads\/2025\/01\/PERU-LUCHA-Nr.-8.pdf\"><img loading=\"lazy\" decoding=\"async\" width=\"183\" height=\"275\" src=\"https:\/\/la-chaska.com\/wp-content\/uploads\/2024\/12\/Peru-L-8.png\" alt=\"\" class=\"wp-image-323\" style=\"width:190px;height:auto\"\/><\/a><\/figure>\n<\/div><\/div><\/div>\n\n\n\n<div class=\"wp-block-stackable-column stk-block-column stk-column stk-block stk-1117784\" data-v=\"4\" data-block-id=\"1117784\"><div class=\"stk-column-wrapper stk-block-column__content stk-container stk-1117784-container stk--no-background stk--no-padding\"><div class=\"stk-block-content stk-inner-blocks stk-1117784-inner-blocks\">\n<ul class=\"wp-block-list\">\n<li class=\"has-medium-font-size\"><strong><span style=\"color: #c92d2d;\" class=\"stk-highlight\"><em>Per\u00fa K\u00e4mpft  N\u00b0  8<\/em><\/span><em> <\/em><\/strong><\/li>\n\n\n\n<li class=\"has-small-font-size\">Presentaci\u00f3n<\/li>\n\n\n\n<li class=\"has-small-font-size\">Sobre la posici\u00f3n del MRI<\/li>\n\n\n\n<li class=\"has-small-font-size\">El imperialismo norteamericano en su fase de recuperaci\u00f3n transitoria<\/li>\n\n\n\n<li class=\"has-small-font-size\">Pronunciamiento de El Diario &#8211; Nueva Etapa<\/li>\n\n\n\n<li class=\"has-small-font-size\">Poemas de la camarada M\u00edriam<\/li>\n<\/ul>\n\n\n\n<figure class=\"wp-block-image aligncenter size-large is-resized\"><a href=\"https:\/\/la-chaska.com\/wp-content\/uploads\/2025\/01\/PERU-LUCHA-Nr.-8.pdf\"><img loading=\"lazy\" decoding=\"async\" width=\"1024\" height=\"1024\" src=\"https:\/\/la-chaska.com\/wp-content\/uploads\/2024\/12\/Pdf-1024x1024.png\" alt=\"\" class=\"wp-image-74\" style=\"width:63px;height:auto\" srcset=\"https:\/\/la-chaska.com\/wp-content\/uploads\/2024\/12\/Pdf-1024x1024.png 1024w, https:\/\/la-chaska.com\/wp-content\/uploads\/2024\/12\/Pdf-300x300.png 300w, https:\/\/la-chaska.com\/wp-content\/uploads\/2024\/12\/Pdf-150x150.png 150w, https:\/\/la-chaska.com\/wp-content\/uploads\/2024\/12\/Pdf-768x768.png 768w, https:\/\/la-chaska.com\/wp-content\/uploads\/2024\/12\/Pdf.png 1280w\" sizes=\"auto, (max-width: 1024px) 100vw, 1024px\" \/><\/a><\/figure>\n<\/div><\/div><\/div>\n<\/div><\/div>\n\n\n\n<div class=\"wp-block-stackable-columns stk-block-columns stk-block stk-1c2f49b\" data-block-id=\"1c2f49b\"><div class=\"stk-row stk-inner-blocks stk-block-content stk-content-align stk-1c2f49b-column\">\n<div class=\"wp-block-stackable-column stk-block-column stk-column stk-block stk-e8a8b74\" data-v=\"4\" data-block-id=\"e8a8b74\"><div class=\"stk-column-wrapper stk-block-column__content stk-container stk-e8a8b74-container stk--no-background stk--no-padding\"><div class=\"stk-block-content stk-inner-blocks stk-e8a8b74-inner-blocks\">\n<figure class=\"wp-block-image size-full\"><a href=\"https:\/\/la-chaska.com\/wp-content\/uploads\/2025\/01\/PERU-LUCHA-Nr.-7.pdf\"><img loading=\"lazy\" decoding=\"async\" width=\"567\" height=\"653\" src=\"https:\/\/la-chaska.com\/wp-content\/uploads\/2024\/12\/Peru-L-7.png\" alt=\"\" class=\"wp-image-322\" srcset=\"https:\/\/la-chaska.com\/wp-content\/uploads\/2024\/12\/Peru-L-7.png 567w, https:\/\/la-chaska.com\/wp-content\/uploads\/2024\/12\/Peru-L-7-260x300.png 260w\" sizes=\"auto, (max-width: 567px) 100vw, 567px\" \/><\/a><\/figure>\n<\/div><\/div><\/div>\n\n\n\n<div class=\"wp-block-stackable-column stk-block-column stk-column stk-block stk-26d2d93\" data-v=\"4\" data-block-id=\"26d2d93\"><div class=\"stk-column-wrapper stk-block-column__content stk-container stk-26d2d93-container stk--no-background stk--no-padding\"><div class=\"stk-block-content stk-inner-blocks stk-26d2d93-inner-blocks\">\n<ul class=\"wp-block-list\">\n<li class=\"has-medium-font-size\"><strong><span style=\"color: #c92d2d;\" class=\"stk-highlight\"><em>Per\u00fa K\u00e4mpft  N\u00b0 7  <\/em><\/span><\/strong><\/li>\n\n\n\n<li class=\"has-small-font-size\">Presentaci\u00f3n<\/li>\n\n\n\n<li class=\"has-small-font-size\">Sobre el Bloque Escisionista y su Nueva L\u00ednea Oportunista<\/li>\n\n\n\n<li class=\"has-small-font-size\">\u00abEl Diario Internacional\u00bb: Vocero de la Nueva L\u00ednea Oportunista en el Partido Comunista del Per\u00fa<\/li>\n\n\n\n<li class=\"has-small-font-size\">Pronunciamiento de apoyo al Acuerdo de Paz en el Per\u00fa<\/li>\n\n\n\n<li class=\"has-small-font-size\">Mujeres en la revoluci\u00f3n peruana<\/li>\n<\/ul>\n\n\n\n<figure class=\"wp-block-image aligncenter size-large is-resized\"><a href=\"https:\/\/la-chaska.com\/wp-content\/uploads\/2025\/01\/PERU-LUCHA-Nr.-7.pdf\"><img loading=\"lazy\" decoding=\"async\" width=\"1024\" height=\"1024\" src=\"https:\/\/la-chaska.com\/wp-content\/uploads\/2024\/12\/Pdf-1024x1024.png\" alt=\"\" class=\"wp-image-74\" style=\"width:62px;height:auto\" srcset=\"https:\/\/la-chaska.com\/wp-content\/uploads\/2024\/12\/Pdf-1024x1024.png 1024w, https:\/\/la-chaska.com\/wp-content\/uploads\/2024\/12\/Pdf-300x300.png 300w, https:\/\/la-chaska.com\/wp-content\/uploads\/2024\/12\/Pdf-150x150.png 150w, https:\/\/la-chaska.com\/wp-content\/uploads\/2024\/12\/Pdf-768x768.png 768w, https:\/\/la-chaska.com\/wp-content\/uploads\/2024\/12\/Pdf.png 1280w\" sizes=\"auto, (max-width: 1024px) 100vw, 1024px\" \/><\/a><\/figure>\n<\/div><\/div><\/div>\n<\/div><\/div>\n\n\n\n<div class=\"wp-block-stackable-columns stk-block-columns stk-block stk-92aeafd\" data-block-id=\"92aeafd\"><div class=\"stk-row stk-inner-blocks stk-block-content stk-content-align stk-92aeafd-column\">\n<div class=\"wp-block-stackable-column stk-block-column stk-column stk-block stk-e64d24a\" data-v=\"4\" data-block-id=\"e64d24a\"><div class=\"stk-column-wrapper stk-block-column__content stk-container stk-e64d24a-container stk--no-background stk--no-padding\"><div class=\"stk-block-content stk-inner-blocks stk-e64d24a-inner-blocks\">\n<figure class=\"wp-block-image size-full\"><a href=\"https:\/\/la-chaska.com\/wp-content\/uploads\/2025\/01\/PERU-LUCHA-Nr.-6.pdf\"><img loading=\"lazy\" decoding=\"async\" width=\"567\" height=\"443\" src=\"https:\/\/la-chaska.com\/wp-content\/uploads\/2024\/12\/Peru-L-6.png\" alt=\"\" class=\"wp-image-321\" srcset=\"https:\/\/la-chaska.com\/wp-content\/uploads\/2024\/12\/Peru-L-6.png 567w, https:\/\/la-chaska.com\/wp-content\/uploads\/2024\/12\/Peru-L-6-300x234.png 300w\" sizes=\"auto, (max-width: 567px) 100vw, 567px\" \/><\/a><\/figure>\n<\/div><\/div><\/div>\n\n\n\n<div class=\"wp-block-stackable-column stk-block-column stk-column stk-block stk-1313553\" data-v=\"4\" data-block-id=\"1313553\"><div class=\"stk-column-wrapper stk-block-column__content stk-container stk-1313553-container stk--no-background stk--no-padding\"><div class=\"stk-block-content stk-inner-blocks stk-1313553-inner-blocks\">\n<ul class=\"wp-block-list\">\n<li class=\"has-medium-font-size\"><strong><strong><span style=\"color: #c92d2d;\" class=\"stk-highlight\"><em>Per\u00fa K\u00e4mpft  N\u00b0 6 <\/em><\/span><\/strong><\/strong><\/li>\n\n\n\n<li class=\"has-small-font-size\">Presentaci\u00f3n<\/li>\n\n\n\n<li class=\"has-small-font-size\">Restauraci\u00f3n del capitalismo y contra restauraci\u00f3n de la dictadura del proletariado<\/li>\n\n\n\n<li class=\"has-small-font-size\">Cuestiones del marxismo-leninismo-mao\u00edsmo: Compromisos y concesiones en la guerra revolucionaria de China<\/li>\n\n\n\n<li class=\"has-small-font-size\">El Ej\u00e9rcito Guerrillero Popular: Antorcha y ejemplo de la revoluci\u00f3n mundial<\/li>\n\n\n\n<li class=\"has-small-font-size\">Pronunciamientos de apoyo al Acuerdo de Paz en el Per\u00fa<\/li>\n\n\n\n<li class=\"has-small-font-size\">Poema<\/li>\n<\/ul>\n\n\n\n<figure class=\"wp-block-image aligncenter size-large is-resized\"><a href=\"https:\/\/la-chaska.com\/wp-content\/uploads\/2025\/01\/PERU-LUCHA-Nr.-6.pdf\"><img loading=\"lazy\" decoding=\"async\" width=\"1024\" height=\"1024\" src=\"https:\/\/la-chaska.com\/wp-content\/uploads\/2024\/12\/Pdf-1024x1024.png\" alt=\"\" class=\"wp-image-74\" style=\"width:61px;height:auto\" srcset=\"https:\/\/la-chaska.com\/wp-content\/uploads\/2024\/12\/Pdf-1024x1024.png 1024w, https:\/\/la-chaska.com\/wp-content\/uploads\/2024\/12\/Pdf-300x300.png 300w, https:\/\/la-chaska.com\/wp-content\/uploads\/2024\/12\/Pdf-150x150.png 150w, https:\/\/la-chaska.com\/wp-content\/uploads\/2024\/12\/Pdf-768x768.png 768w, https:\/\/la-chaska.com\/wp-content\/uploads\/2024\/12\/Pdf.png 1280w\" sizes=\"auto, (max-width: 1024px) 100vw, 1024px\" \/><\/a><\/figure>\n<\/div><\/div><\/div>\n<\/div><\/div>\n\n\n\n<div class=\"wp-block-stackable-columns stk-block-columns stk-block stk-c78bd36\" data-block-id=\"c78bd36\"><div class=\"stk-row stk-inner-blocks stk-block-content stk-content-align stk-c78bd36-column\">\n<div class=\"wp-block-stackable-column stk-block-column stk-column stk-block stk-62c48c1\" data-v=\"4\" data-block-id=\"62c48c1\"><div class=\"stk-column-wrapper stk-block-column__content stk-container stk-62c48c1-container stk--no-background stk--no-padding\"><div class=\"stk-block-content stk-inner-blocks stk-62c48c1-inner-blocks\">\n<figure class=\"wp-block-image size-full\"><a href=\"https:\/\/la-chaska.com\/wp-content\/uploads\/2025\/01\/PERU-LUCHA-Nr.-5.pdf\"><img loading=\"lazy\" decoding=\"async\" width=\"632\" height=\"858\" src=\"https:\/\/la-chaska.com\/wp-content\/uploads\/2024\/12\/Peru-L-5.png\" alt=\"\" class=\"wp-image-320\" srcset=\"https:\/\/la-chaska.com\/wp-content\/uploads\/2024\/12\/Peru-L-5.png 632w, https:\/\/la-chaska.com\/wp-content\/uploads\/2024\/12\/Peru-L-5-221x300.png 221w\" sizes=\"auto, (max-width: 632px) 100vw, 632px\" \/><\/a><\/figure>\n<\/div><\/div><\/div>\n\n\n\n<div class=\"wp-block-stackable-column stk-block-column stk-column stk-block stk-2d50592\" data-v=\"4\" data-block-id=\"2d50592\"><div class=\"stk-column-wrapper stk-block-column__content stk-container stk-2d50592-container stk--no-background stk--no-padding\"><div class=\"stk-block-content stk-inner-blocks stk-2d50592-inner-blocks\">\n<ul class=\"wp-block-list\">\n<li><strong><strong><span style=\"color: #c92d2d;\" class=\"stk-highlight\"><em>Per\u00fa K\u00e4mpft  N\u00b0 5 <\/em><\/span><\/strong><\/strong><\/li>\n\n\n\n<li class=\"has-small-font-size\">Presentaci\u00f3n<\/li>\n\n\n\n<li class=\"has-small-font-size\">Repliegue pol\u00edtico genera de la revoluci\u00f3n proletaria mundial y nueva ola<\/li>\n\n\n\n<li class=\"has-small-font-size\">Cuestiones del marxismo-leninismo-mao\u00edsmo: \u00bfNing\u00fan compromiso?<\/li>\n\n\n\n<li class=\"has-small-font-size\">La recuperaci\u00f3n econ\u00f3mica en el Per\u00fa: \u00bfA qui\u00e9n sirve?<\/li>\n\n\n\n<li class=\"has-small-font-size\">Acuerdo de Paz y pacificaci\u00f3n: Dos pol\u00edticasCuatro etapas de la historia del PCP<\/li>\n<\/ul>\n\n\n\n<figure class=\"wp-block-image aligncenter size-large is-resized\"><a href=\"https:\/\/la-chaska.com\/wp-content\/uploads\/2025\/01\/PERU-LUCHA-Nr.-5.pdf\"><img loading=\"lazy\" decoding=\"async\" width=\"1024\" height=\"1024\" src=\"https:\/\/la-chaska.com\/wp-content\/uploads\/2024\/12\/Pdf-1024x1024.png\" alt=\"\" class=\"wp-image-74\" style=\"width:67px;height:auto\" srcset=\"https:\/\/la-chaska.com\/wp-content\/uploads\/2024\/12\/Pdf-1024x1024.png 1024w, https:\/\/la-chaska.com\/wp-content\/uploads\/2024\/12\/Pdf-300x300.png 300w, https:\/\/la-chaska.com\/wp-content\/uploads\/2024\/12\/Pdf-150x150.png 150w, https:\/\/la-chaska.com\/wp-content\/uploads\/2024\/12\/Pdf-768x768.png 768w, https:\/\/la-chaska.com\/wp-content\/uploads\/2024\/12\/Pdf.png 1280w\" sizes=\"auto, (max-width: 1024px) 100vw, 1024px\" \/><\/a><\/figure>\n<\/div><\/div><\/div>\n<\/div><\/div>\n\n\n\n<div class=\"wp-block-stackable-image stk-block-image stk-block stk-b97d005\" data-block-id=\"b97d005\"><style>.stk-b97d005 .stk-img-wrapper{width:15% !important;height:81px !important;}<\/style><figure><span class=\"stk-img-wrapper stk-image--shape-stretch\"><img loading=\"lazy\" decoding=\"async\" class=\"stk-img wp-image-241\" src=\"https:\/\/la-chaska.com\/wp-content\/uploads\/2024\/12\/Captura-de-pantalla-2024-11-30-a-las-19.36.35.png\" width=\"1152\" height=\"988\" srcset=\"https:\/\/la-chaska.com\/wp-content\/uploads\/2024\/12\/Captura-de-pantalla-2024-11-30-a-las-19.36.35.png 1152w, https:\/\/la-chaska.com\/wp-content\/uploads\/2024\/12\/Captura-de-pantalla-2024-11-30-a-las-19.36.35-300x257.png 300w, https:\/\/la-chaska.com\/wp-content\/uploads\/2024\/12\/Captura-de-pantalla-2024-11-30-a-las-19.36.35-1024x878.png 1024w, https:\/\/la-chaska.com\/wp-content\/uploads\/2024\/12\/Captura-de-pantalla-2024-11-30-a-las-19.36.35-768x659.png 768w\" sizes=\"auto, (max-width: 1152px) 100vw, 1152px\" \/><\/span><\/figure><\/div>\n","protected":false},"excerpt":{"rendered":"<p>Peru K\u00e4mpft (Per\u00fa Lucha) fue concebido como un organo de difuci\u00f3n del CIRCULO DE TRABAJO MARIATEGUI, cuya publicaci\u00f3n la desarroll\u00f3 hace algun tiempo. Diversas circunstancias limitaron su difusi\u00f3n en el plazo originalmente establecido; no obstante, los contenidos que re\u00fane mantienen su vigencia conceptual e hist\u00f3rica. Son once n\u00fameros los que se editaron; sin ambargo, s\u00f3lo [&hellip;]<\/p>\n","protected":false},"author":1,"featured_media":0,"parent":0,"menu_order":0,"comment_status":"open","ping_status":"open","template":"","meta":{"footnotes":""},"class_list":["post-3","page","type-page","status-publish","hentry"],"_links":{"self":[{"href":"https:\/\/la-chaska.com\/index.php?rest_route=\/wp\/v2\/pages\/3","targetHints":{"allow":["GET"]}}],"collection":[{"href":"https:\/\/la-chaska.com\/index.php?rest_route=\/wp\/v2\/pages"}],"about":[{"href":"https:\/\/la-chaska.com\/index.php?rest_route=\/wp\/v2\/types\/page"}],"author":[{"embeddable":true,"href":"https:\/\/la-chaska.com\/index.php?rest_route=\/wp\/v2\/users\/1"}],"replies":[{"embeddable":true,"href":"https:\/\/la-chaska.com\/index.php?rest_route=%2Fwp%2Fv2%2Fcomments&post=3"}],"version-history":[{"count":50,"href":"https:\/\/la-chaska.com\/index.php?rest_route=\/wp\/v2\/pages\/3\/revisions"}],"predecessor-version":[{"id":462,"href":"https:\/\/la-chaska.com\/index.php?rest_route=\/wp\/v2\/pages\/3\/revisions\/462"}],"wp:attachment":[{"href":"https:\/\/la-chaska.com\/index.php?rest_route=%2Fwp%2Fv2%2Fmedia&parent=3"}],"curies":[{"name":"wp","href":"https:\/\/api.w.org\/{rel}","templated":true}]}}